{"id":15,"date":"2024-10-22T14:54:44","date_gmt":"2024-10-22T14:54:44","guid":{"rendered":"https:\/\/ekonomi.com.tr\/?page_id=15"},"modified":"2024-10-22T15:25:03","modified_gmt":"2024-10-22T15:25:03","slug":"yapim-asamasinda","status":"publish","type":"page","link":"https:\/\/ekonomi.com.tr\/","title":{"rendered":"Ekonomi A.\u015e."},"content":{"rendered":"\t\t<div data-elementor-type=\"wp-page\" data-elementor-id=\"15\" class=\"elementor elementor-15\">\n\t\t\t\t<div class=\"elementor-element elementor-element-4788b56 e-con-full e-flex e-con e-parent\" data-id=\"4788b56\" data-element_type=\"container\">\n\t\t<div class=\"elementor-element elementor-element-677fbb0 e-con-full e-flex e-con e-child\" data-id=\"677fbb0\" data-element_type=\"container\">\n\t\t\t\t<div class=\"elementor-element elementor-element-0811175 elementor-hidden-mobile elementor-widget elementor-widget-image\" data-id=\"0811175\" data-element_type=\"widget\" data-widget_type=\"image.default\">\n\t\t\t\t<div class=\"elementor-widget-container\">\n\t\t\t\t\t\t\t\t\t\t\t\t\t<img fetchpriority=\"high\" decoding=\"async\" width=\"588\" height=\"92\" src=\"https:\/\/ekonomi.com.tr\/wp-content\/uploads\/2024\/10\/ekonomi-logo.fw_.png\" class=\"attachment-full size-full wp-image-18\" alt=\"\" srcset=\"https:\/\/ekonomi.com.tr\/wp-content\/uploads\/2024\/10\/ekonomi-logo.fw_.png 588w, https:\/\/ekonomi.com.tr\/wp-content\/uploads\/2024\/10\/ekonomi-logo.fw_-300x47.png 300w\" sizes=\"(max-width: 588px) 100vw, 588px\" \/>\t\t\t\t\t\t\t\t\t\t\t\t\t<\/div>\n\t\t\t\t<\/div>\n\t\t\t\t<div class=\"elementor-element elementor-element-3f0f580 elementor-hidden-desktop elementor-hidden-tablet elementor-widget elementor-widget-image\" data-id=\"3f0f580\" data-element_type=\"widget\" data-widget_type=\"image.default\">\n\t\t\t\t<div class=\"elementor-widget-container\">\n\t\t\t\t\t\t\t\t\t\t\t\t\t<img fetchpriority=\"high\" decoding=\"async\" width=\"588\" height=\"92\" src=\"https:\/\/ekonomi.com.tr\/wp-content\/uploads\/2024\/10\/ekonomi-logo.fw_.png\" class=\"attachment-full size-full wp-image-18\" alt=\"\" srcset=\"https:\/\/ekonomi.com.tr\/wp-content\/uploads\/2024\/10\/ekonomi-logo.fw_.png 588w, https:\/\/ekonomi.com.tr\/wp-content\/uploads\/2024\/10\/ekonomi-logo.fw_-300x47.png 300w\" sizes=\"(max-width: 588px) 100vw, 588px\" \/>\t\t\t\t\t\t\t\t\t\t\t\t\t<\/div>\n\t\t\t\t<\/div>\n\t\t<div class=\"elementor-element elementor-element-057c2b1 e-con-full e-flex e-con e-child\" data-id=\"057c2b1\" data-element_type=\"container\">\n\t\t\t\t<div class=\"elementor-element elementor-element-146ba8d elementor-hidden-mobile elementor-widget elementor-widget-heading\" data-id=\"146ba8d\" data-element_type=\"widget\" data-widget_type=\"heading.default\">\n\t\t\t\t<div class=\"elementor-widget-container\">\n\t\t\t<h1 class=\"elementor-heading-title elementor-size-default\">Yap\u0131m A\u015famas\u0131nda<\/h1>\t\t<\/div>\n\t\t\t\t<\/div>\n\t\t\t\t<div class=\"elementor-element elementor-element-ab79152 elementor-hidden-desktop elementor-hidden-tablet elementor-widget elementor-widget-heading\" data-id=\"ab79152\" data-element_type=\"widget\" data-widget_type=\"heading.default\">\n\t\t\t\t<div class=\"elementor-widget-container\">\n\t\t\t<h1 class=\"elementor-heading-title elementor-size-default\">Yap\u0131m A\u015famas\u0131nda<\/h1>\t\t<\/div>\n\t\t\t\t<\/div>\n\t\t\t\t<div class=\"elementor-element elementor-element-1df2b9c elementor-hidden-mobile elementor-widget elementor-widget-heading\" data-id=\"1df2b9c\" data-element_type=\"widget\" data-widget_type=\"heading.default\">\n\t\t\t\t<div class=\"elementor-widget-container\">\n\t\t\t<h1 class=\"elementor-heading-title elementor-size-default\">\u00c7ok Yak\u0131nda Sizlerle<\/h1>\t\t<\/div>\n\t\t\t\t<\/div>\n\t\t\t\t<div class=\"elementor-element elementor-element-0efa4a4 elementor-hidden-desktop elementor-hidden-tablet elementor-widget elementor-widget-heading\" data-id=\"0efa4a4\" data-element_type=\"widget\" data-widget_type=\"heading.default\">\n\t\t\t\t<div class=\"elementor-widget-container\">\n\t\t\t<h1 class=\"elementor-heading-title elementor-size-default\">\u00c7ok Yak\u0131nda Sizlerle<\/h1>\t\t<\/div>\n\t\t\t\t<\/div>\n\t\t<div class=\"elementor-element elementor-element-e4a9d5b e-con-full e-flex e-con e-child\" data-id=\"e4a9d5b\" data-element_type=\"container\">\n\t\t\t\t<div class=\"elementor-element elementor-element-8e6e60d elementor-hidden-mobile elementor-widget elementor-widget-heading\" data-id=\"8e6e60d\" data-element_type=\"widget\" data-widget_type=\"heading.default\">\n\t\t\t\t<div class=\"elementor-widget-container\">\n\t\t\t<h1 class=\"elementor-heading-title elementor-size-default\">Karedeniz Mah. Trabzon Cad. No:35\/A S\u00fcleymanpa\u015fa\/Tekirda\u011f<\/h1>\t\t<\/div>\n\t\t\t\t<\/div>\n\t\t\t\t<div class=\"elementor-element elementor-element-ac813c9 elementor-hidden-desktop elementor-hidden-tablet elementor-widget elementor-widget-heading\" data-id=\"ac813c9\" data-element_type=\"widget\" data-widget_type=\"heading.default\">\n\t\t\t\t<div class=\"elementor-widget-container\">\n\t\t\t<h1 class=\"elementor-heading-title elementor-size-default\">Karedeniz Mah. Trabzon Cad. No:35\/A S\u00fcleymanpa\u015fa\/Tekirda\u011f<\/h1>\t\t<\/div>\n\t\t\t\t<\/div>\n\t\t\t\t<div class=\"elementor-element elementor-element-405eb13 elementor-hidden-mobile elementor-widget elementor-widget-heading\" data-id=\"405eb13\" data-element_type=\"widget\" data-widget_type=\"heading.default\">\n\t\t\t\t<div class=\"elementor-widget-container\">\n\t\t\t<h1 class=\"elementor-heading-title elementor-size-default\">tarik@ekonomi.com.tr<\/h1>\t\t<\/div>\n\t\t\t\t<\/div>\n\t\t\t\t<div class=\"elementor-element elementor-element-54e33e1 elementor-hidden-desktop elementor-hidden-tablet elementor-widget elementor-widget-heading\" data-id=\"54e33e1\" data-element_type=\"widget\" data-widget_type=\"heading.default\">\n\t\t\t\t<div class=\"elementor-widget-container\">\n\t\t\t<h1 class=\"elementor-heading-title elementor-size-default\">tarik@ekonomi.com.tr<\/h1>\t\t<\/div>\n\t\t\t\t<\/div>\n\t\t\t\t<div class=\"elementor-element elementor-element-bba2f80 elementor-hidden-mobile elementor-widget elementor-widget-heading\" data-id=\"bba2f80\" data-element_type=\"widget\" data-widget_type=\"heading.default\">\n\t\t\t\t<div class=\"elementor-widget-container\">\n\t\t\t<h1 class=\"elementor-heading-title elementor-size-default\">0533 389 91 91<\/h1>\t\t<\/div>\n\t\t\t\t<\/div>\n\t\t\t\t<div class=\"elementor-element elementor-element-c0e72ab elementor-hidden-desktop elementor-hidden-tablet elementor-widget elementor-widget-heading\" data-id=\"c0e72ab\" data-element_type=\"widget\" data-widget_type=\"heading.default\">\n\t\t\t\t<div class=\"elementor-widget-container\">\n\t\t\t<h1 class=\"elementor-heading-title elementor-size-default\">0533 389 91 91<\/h1>\t\t<\/div>\n\t\t\t\t<\/div>\n\t\t\t\t<\/div>\n\t\t\t\t<\/div>\n\t\t\t\t<\/div>\n\t\t\t\t<\/div>\n\t\t\t\t<\/div>\n\t\t","protected":false},"excerpt":{"rendered":"<p>Yap\u0131m A\u015famas\u0131nda Yap\u0131m A\u015famas\u0131nda \u00c7ok Yak\u0131nda Sizlerle \u00c7ok Yak\u0131nda Sizlerle Karedeniz Mah. Trabzon Cad. No:35\/A S\u00fcleymanpa\u015fa\/Tekirda\u011f Karedeniz Mah. Trabzon Cad. No:35\/A S\u00fcleymanpa\u015fa\/Tekirda\u011f tarik@ekonomi.com.tr tarik@ekonomi.com.tr 0533 389 91 91 0533 389 91 91<\/p>\n","protected":false},"author":1,"featured_media":0,"parent":0,"menu_order":0,"comment_status":"closed","ping_status":"closed","template":"elementor_canvas","meta":{"footnotes":""},"class_list":["post-15","page","type-page","status-publish","hentry"],"_links":{"self":[{"href":"https:\/\/ekonomi.com.tr\/index.php?rest_route=\/wp\/v2\/pages\/15","targetHints":{"allow":["GET"]}}],"collection":[{"href":"https:\/\/ekonomi.com.tr\/index.php?rest_route=\/wp\/v2\/pages"}],"about":[{"href":"https:\/\/ekonomi.com.tr\/index.php?rest_route=\/wp\/v2\/types\/page"}],"author":[{"embeddable":true,"href":"https:\/\/ekonomi.com.tr\/index.php?rest_route=\/wp\/v2\/users\/1"}],"replies":[{"embeddable":true,"href":"https:\/\/ekonomi.com.tr\/index.php?rest_route=%2Fwp%2Fv2%2Fcomments&post=15"}],"version-history":[{"count":8,"href":"https:\/\/ekonomi.com.tr\/index.php?rest_route=\/wp\/v2\/pages\/15\/revisions"}],"predecessor-version":[{"id":25,"href":"https:\/\/ekonomi.com.tr\/index.php?rest_route=\/wp\/v2\/pages\/15\/revisions\/25"}],"wp:attachment":[{"href":"https:\/\/ekonomi.com.tr\/index.php?rest_route=%2Fwp%2Fv2%2Fmedia&parent=15"}],"curies":[{"name":"wp","href":"https:\/\/api.w.org\/{rel}","templated":true}]}}